{"id":138,"date":"2022-05-17T14:59:40","date_gmt":"2022-05-17T17:59:40","guid":{"rendered":"https:\/\/demosites.royal-elementor-addons.com\/digital-marketing-agency-v1\/?page_id=138"},"modified":"2023-09-04T14:35:21","modified_gmt":"2023-09-04T17:35:21","slug":"hino","status":"publish","type":"page","link":"https:\/\/calinense.com.br\/NOVOSITE\/hino\/","title":{"rendered":"Hino"},"content":{"rendered":"\t\t<div data-elementor-type=\"wp-page\" data-elementor-id=\"138\" class=\"elementor elementor-138\">\n\t\t\t\t\t\t<section class=\"elementor-section elementor-top-section elementor-element elementor-element-00015df elementor-section-boxed elementor-section-height-default elementor-section-height-default wpr-particle-no wpr-jarallax-no wpr-parallax-no wpr-sticky-section-no wpr-column-slider-no wpr-equal-height-no\" data-id=\"00015df\" data-element_type=\"section\" data-e-type=\"section\">\n\t\t\t\t\t\t<div class=\"elementor-container elementor-column-gap-default\">\n\t\t\t\t\t<div class=\"elementor-column elementor-col-100 elementor-top-column elementor-element elementor-element-09788d8\" data-id=\"09788d8\" data-element_type=\"column\" data-e-type=\"column\">\n\t\t\t<div class=\"elementor-widget-wrap elementor-element-populated\">\n\t\t\t\t\t\t<div class=\"elementor-element elementor-element-663c949 elementor-widget elementor-widget-heading\" data-id=\"663c949\" data-element_type=\"widget\" data-e-type=\"widget\" data-widget_type=\"heading.default\">\n\t\t\t\t<div class=\"elementor-widget-container\">\n\t\t\t\t\t<h4 class=\"elementor-heading-title elementor-size-default\">O Bramido do Elefante<\/h4>\t\t\t\t<\/div>\n\t\t\t\t<\/div>\n\t\t\t\t\t<\/div>\n\t\t<\/div>\n\t\t\t\t\t<\/div>\n\t\t<\/section>\n\t\t\t\t<section class=\"elementor-section elementor-top-section elementor-element elementor-element-d5064e7 elementor-section-boxed elementor-section-height-default elementor-section-height-default wpr-particle-no wpr-jarallax-no wpr-parallax-no wpr-sticky-section-no wpr-column-slider-no wpr-equal-height-no\" data-id=\"d5064e7\" data-element_type=\"section\" data-e-type=\"section\">\n\t\t\t\t\t\t<div class=\"elementor-container elementor-column-gap-default\">\n\t\t\t\t\t<div class=\"elementor-column elementor-col-50 elementor-top-column elementor-element elementor-element-f5f4296\" data-id=\"f5f4296\" data-element_type=\"column\" data-e-type=\"column\">\n\t\t\t<div class=\"elementor-widget-wrap elementor-element-populated\">\n\t\t\t\t\t\t<div class=\"elementor-element elementor-element-2363ef2 elementor-widget__width-initial elementor-widget elementor-widget-video\" data-id=\"2363ef2\" data-element_type=\"widget\" data-e-type=\"widget\" data-settings=\"{&quot;youtube_url&quot;:&quot;https:\\\/\\\/www.youtube.com\\\/watch?v=Iu2_y4zqVjE&quot;,&quot;_animation&quot;:&quot;none&quot;,&quot;video_type&quot;:&quot;youtube&quot;,&quot;controls&quot;:&quot;yes&quot;}\" data-widget_type=\"video.default\">\n\t\t\t\t<div class=\"elementor-widget-container\">\n\t\t\t\t\t\t\t<div class=\"elementor-wrapper elementor-open-inline\">\n\t\t\t<div class=\"elementor-video\"><\/div>\t\t<\/div>\n\t\t\t\t\t\t<\/div>\n\t\t\t\t<\/div>\n\t\t\t\t\t<\/div>\n\t\t<\/div>\n\t\t\t\t<div class=\"elementor-column elementor-col-50 elementor-top-column elementor-element elementor-element-18aa6c0\" data-id=\"18aa6c0\" data-element_type=\"column\" data-e-type=\"column\">\n\t\t\t<div class=\"elementor-widget-wrap elementor-element-populated\">\n\t\t\t\t\t\t<div class=\"elementor-element elementor-element-334d261 elementor-widget elementor-widget-image\" data-id=\"334d261\" data-element_type=\"widget\" data-e-type=\"widget\" data-widget_type=\"image.default\">\n\t\t\t\t<div class=\"elementor-widget-container\">\n\t\t\t\t\t\t\t\t\t\t\t\t\t\t\t<img decoding=\"async\" src=\"https:\/\/calinense.com.br\/NOVOSITE\/wp-content\/uploads\/elementor\/thumbs\/cal_escudo-q2d09aeuue79ad8m7nsb108v9mefv4s87n9w5r8tnk.png\" title=\"cal_escudo\" alt=\"cal_escudo\" loading=\"lazy\" \/>\t\t\t\t\t\t\t\t\t\t\t\t\t\t\t<\/div>\n\t\t\t\t<\/div>\n\t\t\t\t<div class=\"elementor-element elementor-element-96fc3ec elementor-widget__width-initial elementor-widget elementor-widget-text-editor\" data-id=\"96fc3ec\" data-element_type=\"widget\" data-e-type=\"widget\" data-widget_type=\"text-editor.default\">\n\t\t\t\t<div class=\"elementor-widget-container\">\n\t\t\t\t\t\t\t\t\t<p><span style=\"color: #333333;\"><i>Avante Linense, avante<br \/>para frente, vamos marchar<br \/>teu emblema \u00e9 o elefante<br \/>teu lema \u00e9 vit\u00f3rias conquistar<\/i><\/span><\/p><p><span style=\"color: #333333;\">\u00c9s o temido esquadr\u00e3o<\/span><br \/><span style=\"color: #333333;\">que de gl\u00f3rias se veste<\/span><br \/><span style=\"color: #333333;\">\u00e9s o pentacampe\u00e3o<\/span><br \/><span style=\"color: #333333;\">elefante da noroeste<\/span><\/p>\t\t\t\t\t\t\t\t<\/div>\n\t\t\t\t<\/div>\n\t\t\t\t<div class=\"elementor-element elementor-element-826e5e9 elementor-widget elementor-widget-text-editor\" data-id=\"826e5e9\" data-element_type=\"widget\" data-e-type=\"widget\" data-widget_type=\"text-editor.default\">\n\t\t\t\t<div class=\"elementor-widget-container\">\n\t\t\t\t\t\t\t\t\t<p><i><strong>Autor:<\/strong> Dirceu Costa<br \/><strong>Cantado por:<\/strong> Roy Nelson<\/i><\/p>\t\t\t\t\t\t\t\t<\/div>\n\t\t\t\t<\/div>\n\t\t\t\t\t<\/div>\n\t\t<\/div>\n\t\t\t\t\t<\/div>\n\t\t<\/section>\n\t\t\t\t<\/div>\n\t\t","protected":false},"excerpt":{"rendered":"<p>O Bramido do Elefante Avante Linense, avantepara frente, vamos marcharteu emblema \u00e9 o elefanteteu lema \u00e9 vit\u00f3rias conquistar \u00c9s o temido esquadr\u00e3oque de gl\u00f3rias se veste\u00e9s o pentacampe\u00e3oelefante da noroeste Autor: Dirceu CostaCantado por: Roy Nelson<\/p>\n","protected":false},"author":1,"featured_media":0,"parent":0,"menu_order":0,"comment_status":"closed","ping_status":"closed","template":"elementor_canvas","meta":{"footnotes":""},"class_list":["post-138","page","type-page","status-publish","hentry"],"_links":{"self":[{"href":"https:\/\/calinense.com.br\/NOVOSITE\/wp-json\/wp\/v2\/pages\/138","targetHints":{"allow":["GET"]}}],"collection":[{"href":"https:\/\/calinense.com.br\/NOVOSITE\/wp-json\/wp\/v2\/pages"}],"about":[{"href":"https:\/\/calinense.com.br\/NOVOSITE\/wp-json\/wp\/v2\/types\/page"}],"author":[{"embeddable":true,"href":"https:\/\/calinense.com.br\/NOVOSITE\/wp-json\/wp\/v2\/users\/1"}],"replies":[{"embeddable":true,"href":"https:\/\/calinense.com.br\/NOVOSITE\/wp-json\/wp\/v2\/comments?post=138"}],"version-history":[{"count":26,"href":"https:\/\/calinense.com.br\/NOVOSITE\/wp-json\/wp\/v2\/pages\/138\/revisions"}],"predecessor-version":[{"id":2703,"href":"https:\/\/calinense.com.br\/NOVOSITE\/wp-json\/wp\/v2\/pages\/138\/revisions\/2703"}],"wp:attachment":[{"href":"https:\/\/calinense.com.br\/NOVOSITE\/wp-json\/wp\/v2\/media?parent=138"}],"curies":[{"name":"wp","href":"https:\/\/api.w.org\/{rel}","templated":true}]}}