{"id":3908,"date":"2023-10-02T11:33:24","date_gmt":"2023-10-02T14:33:24","guid":{"rendered":"https:\/\/calinense.com.br\/NOVOSITE\/?page_id=3908"},"modified":"2023-10-08T17:05:30","modified_gmt":"2023-10-08T20:05:30","slug":"enquete-3-camisa","status":"publish","type":"page","link":"https:\/\/calinense.com.br\/NOVOSITE\/enquete-3-camisa\/","title":{"rendered":"Enquete 3 camisa"},"content":{"rendered":"\t\t<div data-elementor-type=\"wp-page\" data-elementor-id=\"3908\" class=\"elementor elementor-3908\">\n\t\t\t\t\t\t<section class=\"elementor-section elementor-top-section elementor-element elementor-element-db8f552 elementor-section-boxed elementor-section-height-default elementor-section-height-default wpr-particle-no wpr-jarallax-no wpr-parallax-no wpr-sticky-section-no wpr-equal-height-no\" data-id=\"db8f552\" data-element_type=\"section\" data-e-type=\"section\">\n\t\t\t\t\t\t<div class=\"elementor-container elementor-column-gap-default\">\n\t\t\t\t\t<div class=\"elementor-column elementor-col-100 elementor-top-column elementor-element elementor-element-d11932b\" data-id=\"d11932b\" data-element_type=\"column\" data-e-type=\"column\">\n\t\t\t<div class=\"elementor-widget-wrap elementor-element-populated\">\n\t\t\t\t\t\t<div class=\"elementor-element elementor-element-1405e03 elementor-widget elementor-widget-heading\" data-id=\"1405e03\" data-element_type=\"widget\" data-e-type=\"widget\" data-widget_type=\"heading.default\">\n\t\t\t\t<div class=\"elementor-widget-container\">\n\t\t\t\t\t<h4 class=\"elementor-heading-title elementor-size-default\">A terceira camisa do Elefante ser\u00e1 escolhida por voc\u00ea!<\/h4>\t\t\t\t<\/div>\n\t\t\t\t<\/div>\n\t\t\t\t\t<\/div>\n\t\t<\/div>\n\t\t\t\t\t<\/div>\n\t\t<\/section>\n\t\t\t\t<section class=\"elementor-section elementor-top-section elementor-element elementor-element-a9a0fd3 elementor-section-boxed elementor-section-height-default elementor-section-height-default wpr-particle-no wpr-jarallax-no wpr-parallax-no wpr-sticky-section-no wpr-equal-height-no\" data-id=\"a9a0fd3\" data-element_type=\"section\" data-e-type=\"section\">\n\t\t\t\t\t\t<div class=\"elementor-container elementor-column-gap-default\">\n\t\t\t\t\t<div class=\"elementor-column elementor-col-100 elementor-top-column elementor-element elementor-element-6ef6d49\" data-id=\"6ef6d49\" data-element_type=\"column\" data-e-type=\"column\">\n\t\t\t<div class=\"elementor-widget-wrap elementor-element-populated\">\n\t\t\t\t\t\t<div class=\"elementor-element elementor-element-ba0e21a elementor-widget elementor-widget-image\" data-id=\"ba0e21a\" data-element_type=\"widget\" data-e-type=\"widget\" data-widget_type=\"image.default\">\n\t\t\t\t<div class=\"elementor-widget-container\">\n\t\t\t\t\t\t\t\t\t\t\t\t\t\t\t<img fetchpriority=\"high\" decoding=\"async\" width=\"960\" height=\"380\" src=\"https:\/\/calinense.com.br\/NOVOSITE\/wp-content\/uploads\/2023\/10\/cal_terceira_camisa_banner-1024x405.png\" class=\"attachment-large size-large wp-image-3903\" alt=\"\" srcset=\"https:\/\/calinense.com.br\/NOVOSITE\/wp-content\/uploads\/2023\/10\/cal_terceira_camisa_banner-1024x405.png 1024w, https:\/\/calinense.com.br\/NOVOSITE\/wp-content\/uploads\/2023\/10\/cal_terceira_camisa_banner-600x237.png 600w, https:\/\/calinense.com.br\/NOVOSITE\/wp-content\/uploads\/2023\/10\/cal_terceira_camisa_banner-300x119.png 300w, https:\/\/calinense.com.br\/NOVOSITE\/wp-content\/uploads\/2023\/10\/cal_terceira_camisa_banner-768x304.png 768w, https:\/\/calinense.com.br\/NOVOSITE\/wp-content\/uploads\/2023\/10\/cal_terceira_camisa_banner-100x40.png 100w, https:\/\/calinense.com.br\/NOVOSITE\/wp-content\/uploads\/2023\/10\/cal_terceira_camisa_banner-50x20.png 50w, https:\/\/calinense.com.br\/NOVOSITE\/wp-content\/uploads\/2023\/10\/cal_terceira_camisa_banner-25x10.png 25w, https:\/\/calinense.com.br\/NOVOSITE\/wp-content\/uploads\/2023\/10\/cal_terceira_camisa_banner.png 1264w\" sizes=\"(max-width: 960px) 100vw, 960px\" \/>\t\t\t\t\t\t\t\t\t\t\t\t\t\t\t<\/div>\n\t\t\t\t<\/div>\n\t\t\t\t\t<\/div>\n\t\t<\/div>\n\t\t\t\t\t<\/div>\n\t\t<\/section>\n\t\t\t\t<section class=\"elementor-section elementor-top-section elementor-element elementor-element-82bf0c1 elementor-section-boxed elementor-section-height-default elementor-section-height-default wpr-particle-no wpr-jarallax-no wpr-parallax-no wpr-sticky-section-no wpr-equal-height-no\" data-id=\"82bf0c1\" data-element_type=\"section\" data-e-type=\"section\">\n\t\t\t\t\t\t<div class=\"elementor-container elementor-column-gap-default\">\n\t\t\t\t\t<div class=\"elementor-column elementor-col-100 elementor-top-column elementor-element elementor-element-783422d\" data-id=\"783422d\" data-element_type=\"column\" data-e-type=\"column\">\n\t\t\t<div class=\"elementor-widget-wrap elementor-element-populated\">\n\t\t\t\t\t\t<div class=\"elementor-element elementor-element-034b534 elementor-widget elementor-widget-text-editor\" data-id=\"034b534\" data-element_type=\"widget\" data-e-type=\"widget\" data-widget_type=\"text-editor.default\">\n\t\t\t\t<div class=\"elementor-widget-container\">\n\t\t\t\t\t\t\t\t\t<p>Tocedor atleticano, n\u00f3s queremos que <strong>voc\u00ea escolha a terceira camisa 2024 do CAL<\/strong>!<\/p><p>Para participar \u00e9 super f\u00e1cil. Abaixo, voc\u00ea encontra as op\u00e7\u00f5es dispon\u00edveis e, em seguida, basta selecionar a camisa que voc\u00ea quer que seja o terceiro uniforme do Linense!<\/p><p>N\u00e3o perca essa chance! Voc\u00ea tem at\u00e9 dia 09\/10 para participar.<br \/>O resultado ser\u00e1 divulgado em nossas redes sociais e no site, fique ligado!<\/p><p>Contamos com a participa\u00e7\u00e3o de todos os torcedores apaixonados pelo Elefante da Noroeste!<\/p>\t\t\t\t\t\t\t\t<\/div>\n\t\t\t\t<\/div>\n\t\t\t\t\t<\/div>\n\t\t<\/div>\n\t\t\t\t\t<\/div>\n\t\t<\/section>\n\t\t\t\t<section class=\"elementor-section elementor-top-section elementor-element elementor-element-054b7f6 elementor-section-boxed elementor-section-height-default elementor-section-height-default wpr-particle-no wpr-jarallax-no wpr-parallax-no wpr-sticky-section-no wpr-equal-height-no\" data-id=\"054b7f6\" data-element_type=\"section\" data-e-type=\"section\">\n\t\t\t\t\t\t<div class=\"elementor-container elementor-column-gap-default\">\n\t\t\t\t\t<div class=\"elementor-column elementor-col-25 elementor-top-column elementor-element elementor-element-ceddf70\" data-id=\"ceddf70\" data-element_type=\"column\" data-e-type=\"column\" data-settings=\"{&quot;background_background&quot;:&quot;classic&quot;}\">\n\t\t\t<div class=\"elementor-widget-wrap elementor-element-populated\">\n\t\t\t\t\t\t<div class=\"elementor-element elementor-element-bb6d605 elementor-widget elementor-widget-image\" data-id=\"bb6d605\" data-element_type=\"widget\" data-e-type=\"widget\" data-widget_type=\"image.default\">\n\t\t\t\t<div class=\"elementor-widget-container\">\n\t\t\t\t\t\t\t\t\t\t\t\t\t\t\t<img decoding=\"async\" width=\"960\" height=\"960\" src=\"https:\/\/calinense.com.br\/NOVOSITE\/wp-content\/uploads\/2023\/10\/cal_terceira_camisa_1-1024x1024.png\" class=\"attachment-large size-large wp-image-3918\" alt=\"\" srcset=\"https:\/\/calinense.com.br\/NOVOSITE\/wp-content\/uploads\/2023\/10\/cal_terceira_camisa_1-1024x1024.png 1024w, https:\/\/calinense.com.br\/NOVOSITE\/wp-content\/uploads\/2023\/10\/cal_terceira_camisa_1-300x300.png 300w, https:\/\/calinense.com.br\/NOVOSITE\/wp-content\/uploads\/2023\/10\/cal_terceira_camisa_1-100x100.png 100w, https:\/\/calinense.com.br\/NOVOSITE\/wp-content\/uploads\/2023\/10\/cal_terceira_camisa_1-600x600.png 600w, https:\/\/calinense.com.br\/NOVOSITE\/wp-content\/uploads\/2023\/10\/cal_terceira_camisa_1-150x150.png 150w, https:\/\/calinense.com.br\/NOVOSITE\/wp-content\/uploads\/2023\/10\/cal_terceira_camisa_1-768x768.png 768w, https:\/\/calinense.com.br\/NOVOSITE\/wp-content\/uploads\/2023\/10\/cal_terceira_camisa_1-50x50.png 50w, https:\/\/calinense.com.br\/NOVOSITE\/wp-content\/uploads\/2023\/10\/cal_terceira_camisa_1-25x25.png 25w, https:\/\/calinense.com.br\/NOVOSITE\/wp-content\/uploads\/2023\/10\/cal_terceira_camisa_1-90x90.png 90w, https:\/\/calinense.com.br\/NOVOSITE\/wp-content\/uploads\/2023\/10\/cal_terceira_camisa_1.png 1080w\" sizes=\"(max-width: 960px) 100vw, 960px\" \/>\t\t\t\t\t\t\t\t\t\t\t\t\t\t\t<\/div>\n\t\t\t\t<\/div>\n\t\t\t\t<div class=\"elementor-element elementor-element-b3befb0 elementor-widget elementor-widget-heading\" data-id=\"b3befb0\" data-element_type=\"widget\" data-e-type=\"widget\" data-widget_type=\"heading.default\">\n\t\t\t\t<div class=\"elementor-widget-container\">\n\t\t\t\t\t<h2 class=\"elementor-heading-title elementor-size-default\">Eucaliptos<\/h2>\t\t\t\t<\/div>\n\t\t\t\t<\/div>\n\t\t\t\t<div class=\"elementor-element elementor-element-3cdfecc elementor-widget elementor-widget-text-editor\" data-id=\"3cdfecc\" data-element_type=\"widget\" data-e-type=\"widget\" data-widget_type=\"text-editor.default\">\n\t\t\t\t<div class=\"elementor-widget-container\">\n\t\t\t\t\t\t\t\t\t<p>Inspirada no antigo Est\u00e1dio dos Eucaliptos, carrega a cor da planta, assim como possui folhas de Eucaliptos espalhadas no tronco da camisa.<\/p>\t\t\t\t\t\t\t\t<\/div>\n\t\t\t\t<\/div>\n\t\t\t\t\t<\/div>\n\t\t<\/div>\n\t\t\t\t<div class=\"elementor-column elementor-col-25 elementor-top-column elementor-element elementor-element-1202689\" data-id=\"1202689\" data-element_type=\"column\" data-e-type=\"column\" data-settings=\"{&quot;background_background&quot;:&quot;classic&quot;}\">\n\t\t\t<div class=\"elementor-widget-wrap elementor-element-populated\">\n\t\t\t\t\t\t<div class=\"elementor-element elementor-element-a9bfcb0 elementor-widget elementor-widget-image\" data-id=\"a9bfcb0\" data-element_type=\"widget\" data-e-type=\"widget\" data-widget_type=\"image.default\">\n\t\t\t\t<div class=\"elementor-widget-container\">\n\t\t\t\t\t\t\t\t\t\t\t\t\t\t\t<img decoding=\"async\" width=\"960\" height=\"960\" src=\"https:\/\/calinense.com.br\/NOVOSITE\/wp-content\/uploads\/2023\/10\/cal_terceira_camisa_2-1024x1024.png\" class=\"attachment-large size-large wp-image-3919\" alt=\"\" srcset=\"https:\/\/calinense.com.br\/NOVOSITE\/wp-content\/uploads\/2023\/10\/cal_terceira_camisa_2-1024x1024.png 1024w, https:\/\/calinense.com.br\/NOVOSITE\/wp-content\/uploads\/2023\/10\/cal_terceira_camisa_2-300x300.png 300w, https:\/\/calinense.com.br\/NOVOSITE\/wp-content\/uploads\/2023\/10\/cal_terceira_camisa_2-100x100.png 100w, https:\/\/calinense.com.br\/NOVOSITE\/wp-content\/uploads\/2023\/10\/cal_terceira_camisa_2-600x600.png 600w, https:\/\/calinense.com.br\/NOVOSITE\/wp-content\/uploads\/2023\/10\/cal_terceira_camisa_2-150x150.png 150w, https:\/\/calinense.com.br\/NOVOSITE\/wp-content\/uploads\/2023\/10\/cal_terceira_camisa_2-768x768.png 768w, https:\/\/calinense.com.br\/NOVOSITE\/wp-content\/uploads\/2023\/10\/cal_terceira_camisa_2-50x50.png 50w, https:\/\/calinense.com.br\/NOVOSITE\/wp-content\/uploads\/2023\/10\/cal_terceira_camisa_2-25x25.png 25w, https:\/\/calinense.com.br\/NOVOSITE\/wp-content\/uploads\/2023\/10\/cal_terceira_camisa_2-90x90.png 90w, https:\/\/calinense.com.br\/NOVOSITE\/wp-content\/uploads\/2023\/10\/cal_terceira_camisa_2.png 1080w\" sizes=\"(max-width: 960px) 100vw, 960px\" \/>\t\t\t\t\t\t\t\t\t\t\t\t\t\t\t<\/div>\n\t\t\t\t<\/div>\n\t\t\t\t<div class=\"elementor-element elementor-element-ed30602 elementor-widget elementor-widget-heading\" data-id=\"ed30602\" data-element_type=\"widget\" data-e-type=\"widget\" data-widget_type=\"heading.default\">\n\t\t\t\t<div class=\"elementor-widget-container\">\n\t\t\t\t\t<h2 class=\"elementor-heading-title elementor-size-default\">Cl\u00e1ssica<\/h2>\t\t\t\t<\/div>\n\t\t\t\t<\/div>\n\t\t\t\t<div class=\"elementor-element elementor-element-5a7b475 elementor-widget elementor-widget-text-editor\" data-id=\"5a7b475\" data-element_type=\"widget\" data-e-type=\"widget\" data-widget_type=\"text-editor.default\">\n\t\t\t\t<div class=\"elementor-widget-container\">\n\t\t\t\t\t\t\t\t\t<p>Mantendo a tradi\u00e7\u00e3o da cor preta no terceiro uniforme, essa camisa possui um toque de modernidade e simplicidade.<\/p>\t\t\t\t\t\t\t\t<\/div>\n\t\t\t\t<\/div>\n\t\t\t\t\t<\/div>\n\t\t<\/div>\n\t\t\t\t<div class=\"elementor-column elementor-col-25 elementor-top-column elementor-element elementor-element-9d21e7e\" data-id=\"9d21e7e\" data-element_type=\"column\" data-e-type=\"column\" data-settings=\"{&quot;background_background&quot;:&quot;classic&quot;}\">\n\t\t\t<div class=\"elementor-widget-wrap elementor-element-populated\">\n\t\t\t\t\t\t<div class=\"elementor-element elementor-element-3a88278 elementor-widget elementor-widget-image\" data-id=\"3a88278\" data-element_type=\"widget\" data-e-type=\"widget\" data-widget_type=\"image.default\">\n\t\t\t\t<div class=\"elementor-widget-container\">\n\t\t\t\t\t\t\t\t\t\t\t\t\t\t\t<img loading=\"lazy\" decoding=\"async\" width=\"960\" height=\"960\" src=\"https:\/\/calinense.com.br\/NOVOSITE\/wp-content\/uploads\/2023\/10\/cal_terceira_camisa_3-1024x1024.png\" class=\"attachment-large size-large wp-image-3921\" alt=\"\" srcset=\"https:\/\/calinense.com.br\/NOVOSITE\/wp-content\/uploads\/2023\/10\/cal_terceira_camisa_3-1024x1024.png 1024w, https:\/\/calinense.com.br\/NOVOSITE\/wp-content\/uploads\/2023\/10\/cal_terceira_camisa_3-300x300.png 300w, https:\/\/calinense.com.br\/NOVOSITE\/wp-content\/uploads\/2023\/10\/cal_terceira_camisa_3-100x100.png 100w, https:\/\/calinense.com.br\/NOVOSITE\/wp-content\/uploads\/2023\/10\/cal_terceira_camisa_3-600x600.png 600w, https:\/\/calinense.com.br\/NOVOSITE\/wp-content\/uploads\/2023\/10\/cal_terceira_camisa_3-150x150.png 150w, https:\/\/calinense.com.br\/NOVOSITE\/wp-content\/uploads\/2023\/10\/cal_terceira_camisa_3-768x768.png 768w, https:\/\/calinense.com.br\/NOVOSITE\/wp-content\/uploads\/2023\/10\/cal_terceira_camisa_3-50x50.png 50w, https:\/\/calinense.com.br\/NOVOSITE\/wp-content\/uploads\/2023\/10\/cal_terceira_camisa_3-25x25.png 25w, https:\/\/calinense.com.br\/NOVOSITE\/wp-content\/uploads\/2023\/10\/cal_terceira_camisa_3-90x90.png 90w, https:\/\/calinense.com.br\/NOVOSITE\/wp-content\/uploads\/2023\/10\/cal_terceira_camisa_3.png 1080w\" sizes=\"(max-width: 960px) 100vw, 960px\" \/>\t\t\t\t\t\t\t\t\t\t\t\t\t\t\t<\/div>\n\t\t\t\t<\/div>\n\t\t\t\t<div class=\"elementor-element elementor-element-e463b48 elementor-widget elementor-widget-heading\" data-id=\"e463b48\" data-element_type=\"widget\" data-e-type=\"widget\" data-widget_type=\"heading.default\">\n\t\t\t\t<div class=\"elementor-widget-container\">\n\t\t\t\t\t<h2 class=\"elementor-heading-title elementor-size-default\">Off White<\/h2>\t\t\t\t<\/div>\n\t\t\t\t<\/div>\n\t\t\t\t<div class=\"elementor-element elementor-element-6fff0f6 elementor-widget elementor-widget-text-editor\" data-id=\"6fff0f6\" data-element_type=\"widget\" data-e-type=\"widget\" data-widget_type=\"text-editor.default\">\n\t\t\t\t<div class=\"elementor-widget-container\">\n\t\t\t\t\t\t\t\t\t<p>As listras, identidade do CAL, se fazem presente nessa camisa moderna, com uma cor neutra e muita personalidade.<\/p>\t\t\t\t\t\t\t\t<\/div>\n\t\t\t\t<\/div>\n\t\t\t\t\t<\/div>\n\t\t<\/div>\n\t\t\t\t<div class=\"elementor-column elementor-col-25 elementor-top-column elementor-element elementor-element-5e4b04b\" data-id=\"5e4b04b\" data-element_type=\"column\" data-e-type=\"column\" data-settings=\"{&quot;background_background&quot;:&quot;classic&quot;}\">\n\t\t\t<div class=\"elementor-widget-wrap elementor-element-populated\">\n\t\t\t\t\t\t<div class=\"elementor-element elementor-element-5df6dad elementor-widget elementor-widget-image\" data-id=\"5df6dad\" data-element_type=\"widget\" data-e-type=\"widget\" data-widget_type=\"image.default\">\n\t\t\t\t<div class=\"elementor-widget-container\">\n\t\t\t\t\t\t\t\t\t\t\t\t\t\t\t<img loading=\"lazy\" decoding=\"async\" width=\"960\" height=\"960\" src=\"https:\/\/calinense.com.br\/NOVOSITE\/wp-content\/uploads\/2023\/10\/cal_terceira_camisa_4-1024x1024.png\" class=\"attachment-large size-large wp-image-3922\" alt=\"\" srcset=\"https:\/\/calinense.com.br\/NOVOSITE\/wp-content\/uploads\/2023\/10\/cal_terceira_camisa_4-1024x1024.png 1024w, https:\/\/calinense.com.br\/NOVOSITE\/wp-content\/uploads\/2023\/10\/cal_terceira_camisa_4-300x300.png 300w, https:\/\/calinense.com.br\/NOVOSITE\/wp-content\/uploads\/2023\/10\/cal_terceira_camisa_4-100x100.png 100w, https:\/\/calinense.com.br\/NOVOSITE\/wp-content\/uploads\/2023\/10\/cal_terceira_camisa_4-600x600.png 600w, https:\/\/calinense.com.br\/NOVOSITE\/wp-content\/uploads\/2023\/10\/cal_terceira_camisa_4-150x150.png 150w, https:\/\/calinense.com.br\/NOVOSITE\/wp-content\/uploads\/2023\/10\/cal_terceira_camisa_4-768x768.png 768w, https:\/\/calinense.com.br\/NOVOSITE\/wp-content\/uploads\/2023\/10\/cal_terceira_camisa_4-50x50.png 50w, https:\/\/calinense.com.br\/NOVOSITE\/wp-content\/uploads\/2023\/10\/cal_terceira_camisa_4-25x25.png 25w, https:\/\/calinense.com.br\/NOVOSITE\/wp-content\/uploads\/2023\/10\/cal_terceira_camisa_4-90x90.png 90w, https:\/\/calinense.com.br\/NOVOSITE\/wp-content\/uploads\/2023\/10\/cal_terceira_camisa_4.png 1080w\" sizes=\"(max-width: 960px) 100vw, 960px\" \/>\t\t\t\t\t\t\t\t\t\t\t\t\t\t\t<\/div>\n\t\t\t\t<\/div>\n\t\t\t\t<div class=\"elementor-element elementor-element-7f7de2f elementor-widget elementor-widget-heading\" data-id=\"7f7de2f\" data-element_type=\"widget\" data-e-type=\"widget\" data-widget_type=\"heading.default\">\n\t\t\t\t<div class=\"elementor-widget-container\">\n\t\t\t\t\t<h2 class=\"elementor-heading-title elementor-size-default\">All Black<\/h2>\t\t\t\t<\/div>\n\t\t\t\t<\/div>\n\t\t\t\t<div class=\"elementor-element elementor-element-c3d6f7c elementor-widget elementor-widget-text-editor\" data-id=\"c3d6f7c\" data-element_type=\"widget\" data-e-type=\"widget\" data-widget_type=\"text-editor.default\">\n\t\t\t\t<div class=\"elementor-widget-container\">\n\t\t\t\t\t\t\t\t\t<p>O CAL tamb\u00e9m pode ter uma camisa inteirinha preta, super moderna e discreta, al\u00e9m de muita eleg\u00e2ncia.<\/p>\t\t\t\t\t\t\t\t<\/div>\n\t\t\t\t<\/div>\n\t\t\t\t\t<\/div>\n\t\t<\/div>\n\t\t\t\t\t<\/div>\n\t\t<\/section>\n\t\t\t\t<section class=\"elementor-section elementor-top-section elementor-element elementor-element-17bbf14 elementor-section-boxed elementor-section-height-default elementor-section-height-default wpr-particle-no wpr-jarallax-no wpr-parallax-no wpr-sticky-section-no wpr-equal-height-no\" data-id=\"17bbf14\" data-element_type=\"section\" data-e-type=\"section\">\n\t\t\t\t\t\t<div class=\"elementor-container elementor-column-gap-default\">\n\t\t\t\t\t<div class=\"elementor-column elementor-col-100 elementor-top-column elementor-element elementor-element-a25e9bd\" data-id=\"a25e9bd\" data-element_type=\"column\" data-e-type=\"column\">\n\t\t\t<div class=\"elementor-widget-wrap elementor-element-populated\">\n\t\t\t\t\t\t<div class=\"elementor-element elementor-element-828ed37 elementor-widget elementor-widget-shortcode\" data-id=\"828ed37\" data-element_type=\"widget\" data-e-type=\"widget\" data-widget_type=\"shortcode.default\">\n\t\t\t\t<div class=\"elementor-widget-container\">\n\t\t\t\t\t\t\t<div class=\"elementor-shortcode\">[yop_poll id=\"1\"]<\/div>\n\t\t\t\t\t\t<\/div>\n\t\t\t\t<\/div>\n\t\t\t\t\t<\/div>\n\t\t<\/div>\n\t\t\t\t\t<\/div>\n\t\t<\/section>\n\t\t\t\t<\/div>\n\t\t","protected":false},"excerpt":{"rendered":"<p>A terceira camisa do Elefante ser\u00e1 escolhida por voc\u00ea! Tocedor atleticano, n\u00f3s queremos que voc\u00ea escolha a terceira camisa 2024 do CAL! Para participar \u00e9 super f\u00e1cil. Abaixo, voc\u00ea encontra as op\u00e7\u00f5es dispon\u00edveis e, em seguida, basta selecionar a camisa que voc\u00ea quer que seja o terceiro uniforme do Linense! N\u00e3o perca essa chance! Voc\u00ea tem at\u00e9 dia 09\/10 para participar.O resultado ser\u00e1 divulgado em nossas redes sociais e no site, fique ligado! Contamos com a participa\u00e7\u00e3o de todos os torcedores apaixonados pelo Elefante da Noroeste! Eucaliptos Inspirada no antigo Est\u00e1dio dos Eucaliptos, carrega a cor da planta, assim como possui folhas de Eucaliptos espalhadas no tronco da camisa. Cl\u00e1ssica Mantendo a tradi\u00e7\u00e3o da cor preta no terceiro uniforme, essa camisa possui um toque de modernidade e simplicidade. Off White As listras, identidade do CAL, se fazem presente nessa camisa moderna, com uma cor neutra e muita personalidade. All Black O CAL tamb\u00e9m pode ter uma camisa inteirinha preta, super moderna e discreta, al\u00e9m de muita eleg\u00e2ncia. [yop_poll id=&#8221;1&#8243;]<\/p>\n","protected":false},"author":1,"featured_media":0,"parent":0,"menu_order":0,"comment_status":"closed","ping_status":"closed","template":"","meta":{"footnotes":""},"class_list":["post-3908","page","type-page","status-publish","hentry"],"_links":{"self":[{"href":"https:\/\/calinense.com.br\/NOVOSITE\/wp-json\/wp\/v2\/pages\/3908","targetHints":{"allow":["GET"]}}],"collection":[{"href":"https:\/\/calinense.com.br\/NOVOSITE\/wp-json\/wp\/v2\/pages"}],"about":[{"href":"https:\/\/calinense.com.br\/NOVOSITE\/wp-json\/wp\/v2\/types\/page"}],"author":[{"embeddable":true,"href":"https:\/\/calinense.com.br\/NOVOSITE\/wp-json\/wp\/v2\/users\/1"}],"replies":[{"embeddable":true,"href":"https:\/\/calinense.com.br\/NOVOSITE\/wp-json\/wp\/v2\/comments?post=3908"}],"version-history":[{"count":16,"href":"https:\/\/calinense.com.br\/NOVOSITE\/wp-json\/wp\/v2\/pages\/3908\/revisions"}],"predecessor-version":[{"id":4005,"href":"https:\/\/calinense.com.br\/NOVOSITE\/wp-json\/wp\/v2\/pages\/3908\/revisions\/4005"}],"wp:attachment":[{"href":"https:\/\/calinense.com.br\/NOVOSITE\/wp-json\/wp\/v2\/media?parent=3908"}],"curies":[{"name":"wp","href":"https:\/\/api.w.org\/{rel}","templated":true}]}}